{"id":1971,"date":"2025-12-12T23:50:22","date_gmt":"2025-12-13T04:50:22","guid":{"rendered":"https:\/\/www.elitedentalaltamonte.com\/biografia-de-wellington-tejeda\/"},"modified":"2026-01-19T17:49:14","modified_gmt":"2026-01-19T22:49:14","slug":"biografia-de-wellington-tejeda","status":"publish","type":"page","link":"https:\/\/www.elitedentalaltamonte.com\/es\/biografia-de-wellington-tejeda\/","title":{"rendered":"Biograf\u00eda de Wellington Tejeda"},"content":{"rendered":"\t\t<div data-elementor-type=\"wp-page\" data-elementor-id=\"1971\" class=\"elementor elementor-1971 elementor-1593\" data-elementor-post-type=\"page\">\n\t\t\t\t<div class=\"elementor-element elementor-element-af660b1 e-flex e-con-boxed e-con e-child\" data-id=\"af660b1\" data-element_type=\"container\" data-e-type=\"container\">\n\t\t\t\t\t<div class=\"e-con-inner\">\n\t\t<div class=\"elementor-element elementor-element-a7a454f e-con-full e-flex e-con e-child\" data-id=\"a7a454f\" data-element_type=\"container\" data-e-type=\"container\">\n\t\t\t\t<div class=\"elementor-element elementor-element-0e2ad20 elementor-widget__width-inherit elementor-widget elementor-widget-heading\" data-id=\"0e2ad20\" data-element_type=\"widget\" data-e-type=\"widget\" data-widget_type=\"heading.default\">\n\t\t\t\t\t<div class=\"elementor-heading-title elementor-size-default\">Director Dental<\/div>\t\t\t\t<\/div>\n\t\t\t\t<div class=\"elementor-element elementor-element-098fdb4 elementor-widget elementor-widget-heading\" data-id=\"098fdb4\" data-element_type=\"widget\" data-e-type=\"widget\" data-widget_type=\"heading.default\">\n\t\t\t\t\t<h2 class=\"elementor-heading-title elementor-size-default\">Dr. Wellington Tejeda<\/h2>\t\t\t\t<\/div>\n\t\t\t\t<div class=\"elementor-element elementor-element-33bb166 elementor-widget elementor-widget-text-editor\" data-id=\"33bb166\" data-element_type=\"widget\" data-e-type=\"widget\" data-widget_type=\"text-editor.default\">\n\t\t\t\t\t\t\t\t\t<p>El Dr. Tejeda se gradu\u00f3 de la Universidad Aut\u00f3noma de Santo Domingo en 2011 y obtuvo su t\u00edtulo de Doctor en Medicina Dental (DMD) de la Universidad de Tufts en Boston en 2019.<\/p><p>Es un miembro orgulloso de la Asociaci\u00f3n Dental Americana y de la Asociaci\u00f3n Dental de Florida. <\/p>\t\t\t\t\t\t\t\t<\/div>\n\t\t<div class=\"elementor-element elementor-element-db0f22b e-flex e-con-boxed e-con e-child\" data-id=\"db0f22b\" data-element_type=\"container\" data-e-type=\"container\">\n\t\t\t\t\t<div class=\"e-con-inner\">\n\t\t<div class=\"elementor-element elementor-element-47ba268 e-grid e-con-full e-con e-child\" data-id=\"47ba268\" data-element_type=\"container\" data-e-type=\"container\">\n\t\t\t\t<div class=\"elementor-element elementor-element-6fc48e6 elementor-widget elementor-widget-image\" data-id=\"6fc48e6\" data-element_type=\"widget\" data-e-type=\"widget\" data-widget_type=\"image.default\">\n\t\t\t\t\t\t\t\t\t\t\t\t\t\t\t<img fetchpriority=\"high\" decoding=\"async\" width=\"1024\" height=\"1024\" src=\"https:\/\/www.elitedentalaltamonte.com\/wp-content\/uploads\/2025\/12\/Untitled-design-3-1-1024x1024.png\" class=\"attachment-large size-large wp-image-1975\" alt=\"\" srcset=\"https:\/\/www.elitedentalaltamonte.com\/wp-content\/uploads\/2025\/12\/Untitled-design-3-1-1024x1024.png 1024w, https:\/\/www.elitedentalaltamonte.com\/wp-content\/uploads\/2025\/12\/Untitled-design-3-1-300x300.png 300w, https:\/\/www.elitedentalaltamonte.com\/wp-content\/uploads\/2025\/12\/Untitled-design-3-1-150x150.png 150w, https:\/\/www.elitedentalaltamonte.com\/wp-content\/uploads\/2025\/12\/Untitled-design-3-1-768x768.png 768w, https:\/\/www.elitedentalaltamonte.com\/wp-content\/uploads\/2025\/12\/Untitled-design-3-1.png 1080w\" sizes=\"(max-width: 1024px) 100vw, 1024px\" title=\"\">\t\t\t\t\t\t\t\t\t\t\t\t\t\t\t<\/div>\n\t\t\t\t<div class=\"elementor-element elementor-element-2e8a169 elementor-widget elementor-widget-image\" data-id=\"2e8a169\" data-element_type=\"widget\" data-e-type=\"widget\" data-widget_type=\"image.default\">\n\t\t\t\t\t\t\t\t\t\t\t\t\t\t\t<img decoding=\"async\" width=\"1024\" height=\"1024\" src=\"https:\/\/www.elitedentalaltamonte.com\/wp-content\/uploads\/2025\/12\/Untitled-design-5-1024x1024.png\" class=\"attachment-large size-large wp-image-1977\" alt=\"\" srcset=\"https:\/\/www.elitedentalaltamonte.com\/wp-content\/uploads\/2025\/12\/Untitled-design-5-1024x1024.png 1024w, https:\/\/www.elitedentalaltamonte.com\/wp-content\/uploads\/2025\/12\/Untitled-design-5-300x300.png 300w, https:\/\/www.elitedentalaltamonte.com\/wp-content\/uploads\/2025\/12\/Untitled-design-5-150x150.png 150w, https:\/\/www.elitedentalaltamonte.com\/wp-content\/uploads\/2025\/12\/Untitled-design-5-768x768.png 768w, https:\/\/www.elitedentalaltamonte.com\/wp-content\/uploads\/2025\/12\/Untitled-design-5.png 1080w\" sizes=\"(max-width: 1024px) 100vw, 1024px\" title=\"\">\t\t\t\t\t\t\t\t\t\t\t\t\t\t\t<\/div>\n\t\t<div class=\"elementor-element elementor-element-7cc467d e-con-full e-flex e-con e-child\" data-id=\"7cc467d\" data-element_type=\"container\" data-e-type=\"container\">\n\t\t\t\t<div class=\"elementor-element elementor-element-c8e7e97 elementor-widget elementor-widget-heading\" data-id=\"c8e7e97\" data-element_type=\"widget\" data-e-type=\"widget\" data-widget_type=\"heading.default\">\n\t\t\t\t\t<h6 class=\"elementor-heading-title elementor-size-default\">Compasivo<\/h6>\t\t\t\t<\/div>\n\t\t\t\t<div class=\"elementor-element elementor-element-1ea9289 elementor-widget elementor-widget-text-editor\" data-id=\"1ea9289\" data-element_type=\"widget\" data-e-type=\"widget\" data-widget_type=\"text-editor.default\">\n\t\t\t\t\t\t\t\t\t<p>Le apasiona la odontolog\u00eda y se enorgullece de ayudar a los pacientes a sentirse c\u00f3modos, informados y seguros con sus sonrisas.<\/p>\t\t\t\t\t\t\t\t<\/div>\n\t\t\t\t<\/div>\n\t\t<div class=\"elementor-element elementor-element-aa54d03 e-con-full e-flex e-con e-child\" data-id=\"aa54d03\" data-element_type=\"container\" data-e-type=\"container\">\n\t\t\t\t<div class=\"elementor-element elementor-element-c43a449 elementor-widget elementor-widget-heading\" data-id=\"c43a449\" data-element_type=\"widget\" data-e-type=\"widget\" data-widget_type=\"heading.default\">\n\t\t\t\t\t<h6 class=\"elementor-heading-title elementor-size-default\">Entregado<\/h6>\t\t\t\t<\/div>\n\t\t\t\t<div class=\"elementor-element elementor-element-71cbd23 elementor-widget elementor-widget-text-editor\" data-id=\"71cbd23\" data-element_type=\"widget\" data-e-type=\"widget\" data-widget_type=\"text-editor.default\">\n\t\t\t\t\t\t\t\t\t<p>Despu\u00e9s de mudarse a Florida en 2020, hizo de Altamonte Springs su hogar y se ha dedicado a cuidar a la comunidad desde entonces.<\/p>\t\t\t\t\t\t\t\t<\/div>\n\t\t\t\t<\/div>\n\t\t<div class=\"elementor-element elementor-element-eb11172 e-con-full e-flex e-con e-child\" data-id=\"eb11172\" data-element_type=\"container\" data-e-type=\"container\">\n\t\t\t\t<div class=\"elementor-element elementor-element-9c278f2 elementor-widget elementor-widget-heading\" data-id=\"9c278f2\" data-element_type=\"widget\" data-e-type=\"widget\" data-widget_type=\"heading.default\">\n\t\t\t\t\t<h6 class=\"elementor-heading-title elementor-size-default\">Entregado<\/h6>\t\t\t\t<\/div>\n\t\t\t\t<div class=\"elementor-element elementor-element-62a5b82 elementor-widget elementor-widget-text-editor\" data-id=\"62a5b82\" data-element_type=\"widget\" data-e-type=\"widget\" data-widget_type=\"text-editor.default\">\n\t\t\t\t\t\t\t\t\t<p>Despu\u00e9s de mudarse a Florida en 2020, hizo de Altamonte Springs su hogar y se ha dedicado a cuidar a la comunidad desde entonces.<\/p>\t\t\t\t\t\t\t\t<\/div>\n\t\t\t\t<\/div>\n\t\t<div class=\"elementor-element elementor-element-4a673e3 e-con-full e-flex e-con e-child\" data-id=\"4a673e3\" data-element_type=\"container\" data-e-type=\"container\">\n\t\t\t\t<div class=\"elementor-element elementor-element-8299700 elementor-widget elementor-widget-heading\" data-id=\"8299700\" data-element_type=\"widget\" data-e-type=\"widget\" data-widget_type=\"heading.default\">\n\t\t\t\t\t<h6 class=\"elementor-heading-title elementor-size-default\">Profesional<\/h6>\t\t\t\t<\/div>\n\t\t\t\t<div class=\"elementor-element elementor-element-54b2b93 elementor-widget elementor-widget-text-editor\" data-id=\"54b2b93\" data-element_type=\"widget\" data-e-type=\"widget\" data-widget_type=\"text-editor.default\">\n\t\t\t\t\t\t\t\t\t<p>Comprometido con la excelencia en cada aspecto de la atenci\u00f3n al paciente, proporcionando una atenci\u00f3n dental de alta calidad con precisi\u00f3n, integridad y un enfoque centrado en el paciente. <\/p>\t\t\t\t\t\t\t\t<\/div>\n\t\t\t\t<\/div>\n\t\t\t\t<\/div>\n\t\t\t\t\t<\/div>\n\t\t\t\t<\/div>\n\t\t\t\t<\/div>\n\t\t\t\t<div class=\"elementor-element elementor-element-ef3ad4b elementor-widget__width-inherit elementor-widget elementor-widget-image\" data-id=\"ef3ad4b\" data-element_type=\"widget\" data-e-type=\"widget\" data-widget_type=\"image.default\">\n\t\t\t\t\t\t\t\t\t\t\t\t\t\t\t<img decoding=\"async\" width=\"800\" height=\"800\" src=\"https:\/\/www.elitedentalaltamonte.com\/wp-content\/uploads\/2025\/12\/Simple-Professional-LinkedIn-Profile-Picture.jpg\" class=\"attachment-full size-full wp-image-1978\" alt=\"\" srcset=\"https:\/\/www.elitedentalaltamonte.com\/wp-content\/uploads\/2025\/12\/Simple-Professional-LinkedIn-Profile-Picture.jpg 800w, https:\/\/www.elitedentalaltamonte.com\/wp-content\/uploads\/2025\/12\/Simple-Professional-LinkedIn-Profile-Picture-300x300.jpg 300w, https:\/\/www.elitedentalaltamonte.com\/wp-content\/uploads\/2025\/12\/Simple-Professional-LinkedIn-Profile-Picture-150x150.jpg 150w, https:\/\/www.elitedentalaltamonte.com\/wp-content\/uploads\/2025\/12\/Simple-Professional-LinkedIn-Profile-Picture-768x768.jpg 768w\" sizes=\"(max-width: 800px) 100vw, 800px\" title=\"\">\t\t\t\t\t\t\t\t\t\t\t\t\t\t\t<\/div>\n\t\t\t\t\t<\/div>\n\t\t\t\t<\/div>\n\t\t\t\t<\/div>\n\t\t","protected":false},"excerpt":{"rendered":"<p>Director Dental Dr. Wellington Tejeda El Dr. Tejeda se gradu\u00f3 de la Universidad Aut\u00f3noma de Santo Domingo en 2011 y obtuvo su t\u00edtulo de Doctor en Medicina Dental (DMD) de la Universidad de Tufts en Boston en 2019. Es un miembro orgulloso de la Asociaci\u00f3n Dental Americana y de la Asociaci\u00f3n Dental de Florida. Compasivo [&hellip;]<\/p>\n","protected":false},"author":1,"featured_media":0,"parent":0,"menu_order":0,"comment_status":"closed","ping_status":"closed","template":"elementor_header_footer","meta":{"footnotes":""},"class_list":["post-1971","page","type-page","status-publish","hentry"],"blocksy_meta":[],"_links":{"self":[{"href":"https:\/\/www.elitedentalaltamonte.com\/es\/wp-json\/wp\/v2\/pages\/1971","targetHints":{"allow":["GET"]}}],"collection":[{"href":"https:\/\/www.elitedentalaltamonte.com\/es\/wp-json\/wp\/v2\/pages"}],"about":[{"href":"https:\/\/www.elitedentalaltamonte.com\/es\/wp-json\/wp\/v2\/types\/page"}],"author":[{"embeddable":true,"href":"https:\/\/www.elitedentalaltamonte.com\/es\/wp-json\/wp\/v2\/users\/1"}],"replies":[{"embeddable":true,"href":"https:\/\/www.elitedentalaltamonte.com\/es\/wp-json\/wp\/v2\/comments?post=1971"}],"version-history":[{"count":5,"href":"https:\/\/www.elitedentalaltamonte.com\/es\/wp-json\/wp\/v2\/pages\/1971\/revisions"}],"predecessor-version":[{"id":1986,"href":"https:\/\/www.elitedentalaltamonte.com\/es\/wp-json\/wp\/v2\/pages\/1971\/revisions\/1986"}],"wp:attachment":[{"href":"https:\/\/www.elitedentalaltamonte.com\/es\/wp-json\/wp\/v2\/media?parent=1971"}],"curies":[{"name":"wp","href":"https:\/\/api.w.org\/{rel}","templated":true}]}}